{"id":572,"date":"2022-10-27T17:20:59","date_gmt":"2022-10-27T17:20:59","guid":{"rendered":"https:\/\/fvm.digitalmarketsolution.com\/legal-notice\/"},"modified":"2022-11-26T13:02:28","modified_gmt":"2022-11-26T13:02:28","slug":"legal-notice","status":"publish","type":"page","link":"https:\/\/francevictimesmartinique.com\/en\/legal-notice\/","title":{"rendered":"Legal Notice"},"content":{"rendered":"<div class=\"fusion-fullwidth fullwidth-box fusion-builder-row-1 fusion-flex-container has-pattern-background has-mask-background nonhundred-percent-fullwidth non-hundred-percent-height-scrolling\" style=\"--awb-border-radius-top-left:0px;--awb-border-radius-top-right:0px;--awb-border-radius-bottom-right:0px;--awb-border-radius-bottom-left:0px;--awb-padding-top:100px;--awb-padding-right:180px;--awb-padding-bottom:100px;--awb-padding-left:180px;--awb-padding-right-small:30px;--awb-padding-left-small:30px;--awb-background-color:#ffffff;--awb-flex-wrap:wrap;\" ><div class=\"fusion-builder-row fusion-row fusion-flex-align-items-flex-start fusion-flex-content-wrap\" style=\"max-width:1248px;margin-left: calc(-4% \/ 2 );margin-right: calc(-4% \/ 2 );\"><div class=\"fusion-layout-column fusion_builder_column fusion-builder-column-0 fusion_builder_column_1_1 1_1 fusion-flex-column\" style=\"--awb-padding-right-small:0px;--awb-padding-left-small:0px;--awb-bg-size:cover;--awb-width-large:100%;--awb-margin-top-large:0px;--awb-spacing-right-large:1.92%;--awb-margin-bottom-large:20px;--awb-spacing-left-large:1.92%;--awb-width-medium:100%;--awb-order-medium:0;--awb-spacing-right-medium:1.92%;--awb-spacing-left-medium:1.92%;--awb-width-small:100%;--awb-order-small:0;--awb-spacing-right-small:1.92%;--awb-spacing-left-small:1.92%;\"><div class=\"fusion-column-wrapper fusion-column-has-shadow fusion-flex-justify-content-flex-start fusion-content-layout-column\"><div class=\"fusion-title title fusion-title-1 fusion-sep-none fusion-title-center fusion-title-text fusion-title-size-two\" style=\"--awb-margin-bottom:25px;--awb-margin-top-small:10px;--awb-margin-right-small:0px;--awb-margin-bottom-small:10px;--awb-margin-left-small:0px;\"><h2 class=\"fusion-title-heading title-heading-center\" style=\"margin:0;\">LEGAL NOTICE<\/h2><\/div><div class=\"fusion-builder-row fusion-builder-row-inner fusion-row fusion-flex-align-items-flex-start fusion-flex-content-wrap\" style=\"--awb-flex-grow:0;--awb-flex-grow-medium:0;--awb-flex-grow-small:0;--awb-flex-shrink:0;--awb-flex-shrink-medium:0;--awb-flex-shrink-small:0;width:104% !important;max-width:104% !important;margin-left: calc(-4% \/ 2 );margin-right: calc(-4% \/ 2 );\"><div class=\"fusion-layout-column fusion_builder_column_inner fusion-builder-nested-column-0 fusion_builder_column_inner_1_1 1_1 fusion-flex-column\" style=\"--awb-padding-top:40px;--awb-padding-right:100px;--awb-padding-bottom:40px;--awb-padding-left:100px;--awb-padding-right-small:20px;--awb-padding-left-small:20px;--awb-bg-color:#efefef;--awb-bg-color-hover:#efefef;--awb-bg-size:cover;--awb-width-large:100%;--awb-margin-top-large:0px;--awb-spacing-right-large:1.92%;--awb-margin-bottom-large:20px;--awb-spacing-left-large:1.92%;--awb-width-medium:100%;--awb-order-medium:0;--awb-spacing-right-medium:1.92%;--awb-spacing-left-medium:1.92%;--awb-width-small:100%;--awb-order-small:0;--awb-spacing-right-small:1.92%;--awb-spacing-left-small:1.92%;\"><div class=\"fusion-column-wrapper fusion-column-has-shadow fusion-flex-justify-content-flex-start fusion-content-layout-column\"><div class=\"fusion-text fusion-text-1 fusion-text-no-margin\" style=\"--awb-margin-bottom:0px;\"><p style=\"text-align: center;\"><strong>\u00c9DITION<\/strong><\/p>\n<p style=\"text-align: center;\">Ce site est \u00e9dit\u00e9 par l\u2019ADAVIM France Victimes 972 Martinique<br \/>\nAntenne de Justice et du Droit<br \/>\nRue Pierre Zobda Quitman<br \/>\n97231 &#8211; Le Lamentin \u2013 Martinique \u2013 France<br \/>\n<a href=\"about:blank\">direction@adavim.com<\/a><\/p>\n<p style=\"text-align: center;\">Forme juridique\u00a0: association Loi 1901<br \/>\nResponsable de la r\u00e9daction\u00a0: Ruth THALY-CONTR\u00d4LE, Directrice<br \/>\nT\u00e9l\u00e9phone\u00a0: 05 96 51 31 28<br \/>\nFax\u00a0: 05 95 51 20 74<br \/>\nR\u00e9f\u00e9rencement et h\u00e9bergement du site\u00a0:<br \/>\nR\u00e9alisation\u00a0:<\/p>\n<\/div><div class=\"fusion-separator\" style=\"align-self: center;margin-left: auto;margin-right: auto;margin-top:20px;width:100%;max-width:50%;\"><div class=\"fusion-separator-border sep-single sep-dashed\" style=\"--awb-height:20px;--awb-amount:20px;--awb-sep-color:#3b3b3b;border-color:#3b3b3b;border-top-width:1px;\"><\/div><\/div><\/div><\/div><\/div><\/div><\/div><div class=\"fusion-layout-column fusion_builder_column fusion-builder-column-1 fusion_builder_column_1_1 1_1 fusion-flex-column\" style=\"--awb-padding-right-small:0px;--awb-padding-left-small:0px;--awb-bg-size:cover;--awb-width-large:100%;--awb-margin-top-large:0px;--awb-spacing-right-large:1.92%;--awb-margin-bottom-large:0px;--awb-spacing-left-large:1.92%;--awb-width-medium:100%;--awb-order-medium:0;--awb-spacing-right-medium:1.92%;--awb-spacing-left-medium:1.92%;--awb-width-small:100%;--awb-order-small:0;--awb-spacing-right-small:1.92%;--awb-spacing-left-small:1.92%;\"><div class=\"fusion-column-wrapper fusion-column-has-shadow fusion-flex-justify-content-flex-start fusion-content-layout-column\"><div class=\"fusion-text fusion-text-2 fusion-text-no-margin\" style=\"--awb-margin-bottom:0px;\"><p style=\"text-align: center;\"><strong>PROPRI\u00c9T\u00c9S ET DROITS<\/strong><\/p>\n<p style=\"text-align: center;\">Les informations pr\u00e9sent\u00e9es sur ce site sont publiques, \u00e0 l\u2019exception de l&#8217;iconographie et des logos.<\/p>\n<p style=\"text-align: center;\">La propri\u00e9t\u00e9 de l\u2019ensemble des images, graphismes, ic\u00f4nes et autres contenus cr\u00e9\u00e9s pour le site appartient \u00e0 l\u2019ADAVIM FRANCE VICTIMES MARTINIQUE.<\/p>\n<p style=\"text-align: center;\">La reproduction des informations de ce site est autoris\u00e9e \u00e0 la condition d\u2019en mentionner la source et de cr\u00e9er un lien sur la ou les pages de r\u00e9f\u00e9rence. Les informations de ce site ne peuvent en aucun cas \u00eatre utilis\u00e9es \u00e0 des fins commerciales ou publicitaires.<\/p>\n<p style=\"text-align: center;\">Il est formellement interdit sans autorisation pr\u00e9alable de l\u2019ADAVIM FRANCE VICTIMES MARTINIQUE de reproduire, vendre, divulguer ou exploiter sous quelque forme que ce soit, tout ou partie de ce site.<\/p>\n<\/div><div class=\"fusion-separator fusion-full-width-sep\" style=\"align-self: center;margin-left: auto;margin-right: auto;margin-bottom:40px;width:100%;\"><\/div><div class=\"fusion-text fusion-text-3 fusion-text-no-margin\" style=\"--awb-margin-bottom:0px;\"><p style=\"text-align: center;\"><strong>LIEN VERS CE SITE<\/strong><\/p>\n<p style=\"text-align: center;\">La mise en place de liens vers le site de l\u2019ADAVIM FRANCE VICTIMES MARTINIQUE n&#8217;est conditionn\u00e9e \u00e0 aucun accord pr\u00e9alable. Seule la mention explicite du site dans l&#8217;intitul\u00e9 du lien, est souhait\u00e9e.<br \/>\nL\u2019ADAVIM FRANCE VICTIMES MARTINIQUE d\u00e9cline toute responsabilit\u00e9 concernant le contenu disponible sur les autres sites internet vers lesquels elle a cr\u00e9\u00e9 des liens ou qui auraient pu \u00eatre cr\u00e9\u00e9s \u00e0 son insu. L&#8217;acc\u00e8s \u00e0 tous les autres sites internet li\u00e9s \u00e0 ce site web se fait aux risques de l&#8217;utilisateur.<br \/>\nL\u2019ADAVIM FRANCE VICTIMES MARTINIQUE d\u00e9cline enfin, toute responsabilit\u00e9 pour toutes les informations et mat\u00e9riaux contenus sur des sites tiers o\u00f9 figurent des liens renvoyant au site web ADAVIM.MARTINIQUE.<\/p>\n<\/div><div class=\"fusion-separator fusion-full-width-sep\" style=\"align-self: center;margin-left: auto;margin-right: auto;margin-bottom:40px;width:100%;\"><\/div><div class=\"fusion-text fusion-text-4 fusion-text-no-margin\" style=\"--awb-margin-bottom:0px;\"><p style=\"text-align: center;\"><strong>DYSFONCTIONNEMENT ET VIRUS<\/strong><\/p>\n<p style=\"text-align: center;\">L\u2019ADAVIM FRANCE VICTIMES MARTINIQUE ne pourra \u00eatre tenue responsable de dommages directs ou indirects, pertes ou frais, r\u00e9sultant de l&#8217;utilisation de ce site web, ou de l&#8217;impossibilit\u00e9 pour un tiers de l&#8217;utiliser, ou d&#8217;un mauvais fonctionnement, d&#8217;une interruption, d&#8217;un virus, ou encore d&#8217;un probl\u00e8me de ligne ou de syst\u00e8me.<\/p>\n<\/div><div class=\"fusion-separator fusion-full-width-sep\" style=\"align-self: center;margin-left: auto;margin-right: auto;margin-bottom:40px;width:100%;\"><\/div><div class=\"fusion-text fusion-text-5 fusion-text-no-margin\" style=\"--awb-margin-bottom:0px;\"><p style=\"text-align: center;\"><strong>CARACT\u00c8RE DES INFORMATIONS CONTENUES DANS LE SITE<\/strong><\/p>\n<p style=\"text-align: center;\">Les informations pr\u00e9sentes sur ce site web n&#8217;ont qu&#8217;un caract\u00e8re indicatif et ni leur contenu ni leur exactitude ne peuvent \u00eatre garantis. Ces informations sont fournies gratuitement et n&#8217;engagent pas contractuellement l\u2019ADAVIIM FRANCE VICTIMES MARTINIQUE.<br \/>\nL\u2019ADAVIM FRANCE VICTIMES MARTINIQUE d\u00e9cline toute responsabilit\u00e9 sur les d\u00e9cisions qui pourraient \u00eatre prises \u00e0 partir de ces informations. L\u2019ADAVIM FRANCE VICTIMES MARTINIQUE ne peut \u00eatre tenu pour responsable des dommages directs ou indirects qui pourraient r\u00e9sulter de l&#8217;utilisation des informations donn\u00e9es sur le site.<br \/>\nLe contenu du site est susceptible de modification sans pr\u00e9avis. La mise \u00e0 jour est r\u00e9guli\u00e8re mais peut \u00eatre retard\u00e9e par des raisons ou contraintes diverses.<\/p>\n<\/div><div class=\"fusion-separator fusion-full-width-sep\" style=\"align-self: center;margin-left: auto;margin-right: auto;margin-bottom:40px;width:100%;\"><\/div><div class=\"fusion-text fusion-text-6 fusion-text-no-margin\" style=\"--awb-margin-bottom:0px;\"><p style=\"text-align: center;\"><strong>DONN\u00c9ES PERSONNELLES \u00c0 REVOIR (RGPD) EXEMPLE\u2026.<\/strong><\/p>\n<p style=\"text-align: center;\">Lorsque des donn\u00e9es pr\u00e9sentes sur ce site ont un caract\u00e8re nominatif, les utilisateurs doivent en faire un usage conforme aux r\u00e9glementations en vigueur et aux recommandations de la Commission nationale de l&#8217;informatique et des libert\u00e9s (CNIL). Les informations utilis\u00e9es ne doivent l&#8217;\u00eatre qu&#8217;\u00e0 des fins personnelles, associatives ou professionnelles, toute diffusion ou utilisation \u00e0 des fins commerciales ou publicitaires \u00e9tant exclues.<br \/>\nConform\u00e9ment \u00e0 la loi fran\u00e7aise (article 27 de la Loi n\u00b0 78.17 du 6 janvier 1978 relative \u00e0 l&#8217;informatique, aux fichiers et aux libert\u00e9s), vous disposez d&#8217;un droit d&#8217;opposition (art. 26) d&#8217;acc\u00e8s (art. 34 \u00e0 38), de rectification (art. 36) et de suppression des donn\u00e9es qui vous concernent.<br \/>\nVous pouvez exercer ce droit en adressant un courrier au si\u00e8ge de l\u2019ADAVIM FRANCE VICTIMES MARTINIQUE.<\/p>\n<\/div><\/div><\/div><\/div><\/div>\n","protected":false},"excerpt":{"rendered":"","protected":false},"author":2,"featured_media":0,"parent":0,"menu_order":0,"comment_status":"closed","ping_status":"closed","template":"100-width.php","meta":{"inline_featured_image":false,"footnotes":""},"class_list":["post-572","page","type-page","status-publish","hentry"],"yoast_head":"<!-- This site is optimized with the Yoast SEO plugin v27.1.1 - https:\/\/yoast.com\/product\/yoast-seo-wordpress\/ -->\n<title>France Victimes Martinique | Legal Notice<\/title>\n<meta name=\"description\" content=\"Find the legal principles that dictate the actions of ADAVIM FRANCE VICTIMES MARTINIQUE\" \/>\n<meta name=\"robots\" content=\"index, follow, max-snippet:-1, max-image-preview:large, max-video-preview:-1\" \/>\n<link rel=\"canonical\" href=\"https:\/\/francevictimesmartinique.com\/en\/legal-notice\/\" \/>\n<meta property=\"og:locale\" content=\"en_US\" \/>\n<meta property=\"og:type\" content=\"article\" \/>\n<meta property=\"og:title\" content=\"France Victimes Martinique | Legal Notice\" \/>\n<meta property=\"og:description\" content=\"Find the legal principles that dictate the actions of ADAVIM FRANCE VICTIMES MARTINIQUE\" \/>\n<meta property=\"og:url\" content=\"https:\/\/francevictimesmartinique.com\/en\/legal-notice\/\" \/>\n<meta property=\"og:site_name\" content=\"France Victimes Martinique\" \/>\n<meta property=\"article:modified_time\" content=\"2022-11-26T13:02:28+00:00\" \/>\n<meta name=\"twitter:card\" content=\"summary_large_image\" \/>\n<meta name=\"twitter:label1\" content=\"Est. reading time\" \/>\n\t<meta name=\"twitter:data1\" content=\"9 minutes\" \/>\n<script type=\"application\/ld+json\" class=\"yoast-schema-graph\">{\"@context\":\"https:\/\/schema.org\",\"@graph\":[{\"@type\":\"WebPage\",\"@id\":\"https:\/\/francevictimesmartinique.com\/en\/legal-notice\/\",\"url\":\"https:\/\/francevictimesmartinique.com\/en\/legal-notice\/\",\"name\":\"France Victimes Martinique | Legal Notice\",\"isPartOf\":{\"@id\":\"https:\/\/francevictimesmartinique.com\/en\/#website\"},\"datePublished\":\"2022-10-27T17:20:59+00:00\",\"dateModified\":\"2022-11-26T13:02:28+00:00\",\"description\":\"Find the legal principles that dictate the actions of ADAVIM FRANCE VICTIMES MARTINIQUE\",\"breadcrumb\":{\"@id\":\"https:\/\/francevictimesmartinique.com\/en\/legal-notice\/#breadcrumb\"},\"inLanguage\":\"en-US\",\"potentialAction\":[{\"@type\":\"ReadAction\",\"target\":[\"https:\/\/francevictimesmartinique.com\/en\/legal-notice\/\"]}]},{\"@type\":\"BreadcrumbList\",\"@id\":\"https:\/\/francevictimesmartinique.com\/en\/legal-notice\/#breadcrumb\",\"itemListElement\":[{\"@type\":\"ListItem\",\"position\":1,\"name\":\"Accueil\",\"item\":\"https:\/\/francevictimesmartinique.com\/en\/\"},{\"@type\":\"ListItem\",\"position\":2,\"name\":\"Legal Notice\"}]},{\"@type\":\"WebSite\",\"@id\":\"https:\/\/francevictimesmartinique.com\/en\/#website\",\"url\":\"https:\/\/francevictimesmartinique.com\/en\/\",\"name\":\"France Victimes Martinique\",\"description\":\"\",\"potentialAction\":[{\"@type\":\"SearchAction\",\"target\":{\"@type\":\"EntryPoint\",\"urlTemplate\":\"https:\/\/francevictimesmartinique.com\/en\/?s={search_term_string}\"},\"query-input\":{\"@type\":\"PropertyValueSpecification\",\"valueRequired\":true,\"valueName\":\"search_term_string\"}}],\"inLanguage\":\"en-US\"}]}<\/script>\n<!-- \/ Yoast SEO plugin. -->","yoast_head_json":{"title":"France Victimes Martinique | Legal Notice","description":"Find the legal principles that dictate the actions of ADAVIM FRANCE VICTIMES MARTINIQUE","robots":{"index":"index","follow":"follow","max-snippet":"max-snippet:-1","max-image-preview":"max-image-preview:large","max-video-preview":"max-video-preview:-1"},"canonical":"https:\/\/francevictimesmartinique.com\/en\/legal-notice\/","og_locale":"en_US","og_type":"article","og_title":"France Victimes Martinique | Legal Notice","og_description":"Find the legal principles that dictate the actions of ADAVIM FRANCE VICTIMES MARTINIQUE","og_url":"https:\/\/francevictimesmartinique.com\/en\/legal-notice\/","og_site_name":"France Victimes Martinique","article_modified_time":"2022-11-26T13:02:28+00:00","twitter_card":"summary_large_image","twitter_misc":{"Est. reading time":"9 minutes"},"schema":{"@context":"https:\/\/schema.org","@graph":[{"@type":"WebPage","@id":"https:\/\/francevictimesmartinique.com\/en\/legal-notice\/","url":"https:\/\/francevictimesmartinique.com\/en\/legal-notice\/","name":"France Victimes Martinique | Legal Notice","isPartOf":{"@id":"https:\/\/francevictimesmartinique.com\/en\/#website"},"datePublished":"2022-10-27T17:20:59+00:00","dateModified":"2022-11-26T13:02:28+00:00","description":"Find the legal principles that dictate the actions of ADAVIM FRANCE VICTIMES MARTINIQUE","breadcrumb":{"@id":"https:\/\/francevictimesmartinique.com\/en\/legal-notice\/#breadcrumb"},"inLanguage":"en-US","potentialAction":[{"@type":"ReadAction","target":["https:\/\/francevictimesmartinique.com\/en\/legal-notice\/"]}]},{"@type":"BreadcrumbList","@id":"https:\/\/francevictimesmartinique.com\/en\/legal-notice\/#breadcrumb","itemListElement":[{"@type":"ListItem","position":1,"name":"Accueil","item":"https:\/\/francevictimesmartinique.com\/en\/"},{"@type":"ListItem","position":2,"name":"Legal Notice"}]},{"@type":"WebSite","@id":"https:\/\/francevictimesmartinique.com\/en\/#website","url":"https:\/\/francevictimesmartinique.com\/en\/","name":"France Victimes Martinique","description":"","potentialAction":[{"@type":"SearchAction","target":{"@type":"EntryPoint","urlTemplate":"https:\/\/francevictimesmartinique.com\/en\/?s={search_term_string}"},"query-input":{"@type":"PropertyValueSpecification","valueRequired":true,"valueName":"search_term_string"}}],"inLanguage":"en-US"}]}},"_links":{"self":[{"href":"https:\/\/francevictimesmartinique.com\/en\/wp-json\/wp\/v2\/pages\/572","targetHints":{"allow":["GET"]}}],"collection":[{"href":"https:\/\/francevictimesmartinique.com\/en\/wp-json\/wp\/v2\/pages"}],"about":[{"href":"https:\/\/francevictimesmartinique.com\/en\/wp-json\/wp\/v2\/types\/page"}],"author":[{"embeddable":true,"href":"https:\/\/francevictimesmartinique.com\/en\/wp-json\/wp\/v2\/users\/2"}],"replies":[{"embeddable":true,"href":"https:\/\/francevictimesmartinique.com\/en\/wp-json\/wp\/v2\/comments?post=572"}],"version-history":[{"count":2,"href":"https:\/\/francevictimesmartinique.com\/en\/wp-json\/wp\/v2\/pages\/572\/revisions"}],"predecessor-version":[{"id":574,"href":"https:\/\/francevictimesmartinique.com\/en\/wp-json\/wp\/v2\/pages\/572\/revisions\/574"}],"wp:attachment":[{"href":"https:\/\/francevictimesmartinique.com\/en\/wp-json\/wp\/v2\/media?parent=572"}],"curies":[{"name":"wp","href":"https:\/\/api.w.org\/{rel}","templated":true}]}}